{"id":10477,"date":"2017-01-24T15:50:28","date_gmt":"2017-01-24T14:50:28","guid":{"rendered":"http:\/\/www.cte-spa.it\/corp\/?page_id=10477"},"modified":"2017-02-16T15:09:45","modified_gmt":"2017-02-16T14:09:45","slug":"servizi","status":"publish","type":"page","link":"https:\/\/www.cte-spa.it\/corp\/it_IT\/servizi\/","title":{"rendered":"Servizi"},"content":{"rendered":"<div class=\"row \"><div class=\"wpv-grid grid-1-1  wpv-first-level first unextended\" style=\"padding-top:0px;padding-bottom:0px\" id=\"wpv-column-24d97b556f14ac99d253d35cfd98df3f\" ><p style=\"text-align: justify;\">L&#8217;azienda C.T.E. Costruzioni Tecno Elettriche S.p.A., dalla sede di Acqui Terme (AL), opera sul territorio nazionale ed estero. Una grande dinamicit\u00e0 ed elasticit\u00e0, sposate ad una saggia politica di investimenti, relativamente all&#8217;acquisto di nuove attrezzature, nonch\u00e8 un continuo aggiornamento tecnologico, caratterizza la nostra azienda, che \u00e8 in grado di fornire ai clienti e committenti una vasta gamma di servizi, che spaziano dalle altezze aeree alle profondit\u00e0 del suolo: dalla distribuzione di <strong>energia elettrica<\/strong>, alla realizzazione di<strong> impianti a fune<\/strong>, dalle <strong>indagini geognostiche<\/strong> a servizi di consolidamento.<\/p>\n<p style=\"text-align: justify;\">Scoprite ulteriori servizi navigando nelle sezioni del menu qui a sinistra.<\/div><\/div>\n","protected":false},"excerpt":{"rendered":"[column width=\"1\/1\" last=\"true\" title=\"\" title_type=\"single\" animation=\"none\" implicit=\"true\"]\n<p style=\"text-align: justify;\">L&#8217;azienda C.T.E. Costruzioni Tecno Elettriche S.p.A., dalla sede di Acqui Terme (AL), opera sul territorio nazionale &#8230;<\/p>\n","protected":false},"author":1,"featured_media":0,"parent":0,"menu_order":0,"comment_status":"closed","ping_status":"closed","template":"","meta":{"footnotes":""},"aioseo_notices":[],"_links":{"self":[{"href":"https:\/\/www.cte-spa.it\/corp\/it_IT\/wp-json\/wp\/v2\/pages\/10477"}],"collection":[{"href":"https:\/\/www.cte-spa.it\/corp\/it_IT\/wp-json\/wp\/v2\/pages"}],"about":[{"href":"https:\/\/www.cte-spa.it\/corp\/it_IT\/wp-json\/wp\/v2\/types\/page"}],"author":[{"embeddable":true,"href":"https:\/\/www.cte-spa.it\/corp\/it_IT\/wp-json\/wp\/v2\/users\/1"}],"replies":[{"embeddable":true,"href":"https:\/\/www.cte-spa.it\/corp\/it_IT\/wp-json\/wp\/v2\/comments?post=10477"}],"version-history":[{"count":4,"href":"https:\/\/www.cte-spa.it\/corp\/it_IT\/wp-json\/wp\/v2\/pages\/10477\/revisions"}],"predecessor-version":[{"id":10714,"href":"https:\/\/www.cte-spa.it\/corp\/it_IT\/wp-json\/wp\/v2\/pages\/10477\/revisions\/10714"}],"wp:attachment":[{"href":"https:\/\/www.cte-spa.it\/corp\/it_IT\/wp-json\/wp\/v2\/media?parent=10477"}],"curies":[{"name":"wp","href":"https:\/\/api.w.org\/{rel}","templated":true}]}}